{"id":2607,"date":"2025-11-01T19:45:23","date_gmt":"2025-11-01T19:45:23","guid":{"rendered":"https:\/\/minicaraguita.com\/?post_type=product&#038;p=2607"},"modified":"2025-12-09T01:36:35","modified_gmt":"2025-12-09T01:36:35","slug":"donar-un-libro","status":"publish","type":"product","link":"https:\/\/minicaraguita.com\/en\/product\/donar-un-libro\/","title":{"rendered":"Unidos por los ni\u00f1os | Donar a las ni\u00f1os de Nicaragua"},"content":{"rendered":"<h4>\u2728<span class=\"a-text-bold\">Descubre a los Heroes de la historia de Nicaragua\u00a0<\/span>\u2728<\/h4>\n<p>\ud83c\udfc5Descubrir\u00e1s la<strong>\u00a0valent\u00eda de\u00a0<span class=\"a-text-bold\">Rafaela Herrera<\/span><\/strong>, quien defendi\u00f3 el Castillo de la Inmaculada Concepci\u00f3n con un ca\u00f1\u00f3n y coraje inquebrantable.<br \/>\n\ud83d\udca1<strong>La astucia del cacique\u00a0<span class=\"a-text-bold\">Diriang\u00e9n<\/span><\/strong>, que protegi\u00f3 a su pueblo usando el ingenio y la selva.<br \/>\n\ud83e\ude7a<strong>Te inspirar\u00e1s con la doctora\u00a0<span class=\"a-text-bold\">Concepci\u00f3n Palacios<\/span><\/strong>, la primera mujer m\u00e9dico de Centroam\u00e9rica.<br \/>\n\ud83e\ude84\u00a0<strong>El \u201cmago de las palabras\u201d\u00a0<span class=\"a-text-bold\">Rub\u00e9n Dar\u00edo<\/span><\/strong>, quien llev\u00f3 la esencia de Nicaragua al mundo.<br \/>\n\ud83c\udf93<strong>Aprender\u00e1s de la maestra\u00a0<span class=\"a-text-bold\">Josefa Toledo de Aguerr\u00ed<\/span><\/strong>, que encendi\u00f3 la luz de la educaci\u00f3n.<br \/>\n\ud83c\udfc5<strong>Sentir\u00e1s el orgullo del General\u00a0<span class=\"a-text-bold\">Jos\u00e9 Dolores Estrada<\/span>\u00a0y el sargento\u00a0<span class=\"a-text-bold\">Andr\u00e9s Castro<\/span><\/strong>, cuya astucia en la Batalla de San Jacinto demostr\u00f3 que el amor por la patria es invencible.<\/p>\n<p>&nbsp;<\/p>\n<p>&nbsp;<\/p>\n<p>&nbsp;<\/p>","protected":false},"excerpt":{"rendered":"<p>\u00a1S\u00famate a la misi\u00f3n de inspirar a la pr\u00f3xima generaci\u00f3n de h\u00e9roes y hero\u00ednas de Nicaragua y deja tu huella personal! Tu donaci\u00f3n no es solo un libro; es una herramienta poderosa que conecta a los ni\u00f1os con la rica historia y cultura de su naci\u00f3n. El libro es \u201cMI NICARAG\u00dcITA: Historias inspiradoras de H\u00e9roes y Hero\u00ednas de Nicaragua\u201d, una lectura esencial para la formaci\u00f3n de su car\u00e1cter y el amor propio.<\/p>\n<p>Tu donaci\u00f3n te permite incluir un <b>mensaje corto y poderoso<\/b> en el libro (personal, motivacional o b\u00edblico) para inspirar al ni\u00f1o o ni\u00f1a que lo lea.<\/p>\n<p><b>\u00a1Te lo Agradecemos con Reconocimiento!<\/b><\/p>\n<ul>\n<li><b>10+ Libros Donados:<\/b> Incluiremos tu mensaje personalizado y tu nombre\/nombre de tu negocio en la secci\u00f3n de <b>Agradecimientos Especiales<\/b>.<\/li>\n<li><b>30+ Libros Donados:<\/b> Tu logo de empresa aparecer\u00e1 en la p\u00e1gina de agradecimientos.<\/li>\n<li><b>50+ Libros Donados:<\/b> Crearemos un video de reconocimiento que publicaremos en todas nuestras redes sociales.<\/li>\n<\/ul>\n<p><b>\u00a1Dona hoy y multiplica la inspiraci\u00f3n!<\/b><\/p>","protected":false},"featured_media":2364,"template":"","meta":[],"product_brand":[],"product_cat":[24],"product_tag":[],"class_list":{"0":"post-2607","1":"product","2":"type-product","3":"status-publish","4":"has-post-thumbnail","6":"product_cat-ebooks","8":"first","9":"instock","10":"virtual","11":"taxable","12":"purchasable","13":"product-type-simple"},"jetpack_sharing_enabled":true,"_links":{"self":[{"href":"https:\/\/minicaraguita.com\/en\/wp-json\/wp\/v2\/product\/2607","targetHints":{"allow":["GET"]}}],"collection":[{"href":"https:\/\/minicaraguita.com\/en\/wp-json\/wp\/v2\/product"}],"about":[{"href":"https:\/\/minicaraguita.com\/en\/wp-json\/wp\/v2\/types\/product"}],"wp:featuredmedia":[{"embeddable":true,"href":"https:\/\/minicaraguita.com\/en\/wp-json\/wp\/v2\/media\/2364"}],"wp:attachment":[{"href":"https:\/\/minicaraguita.com\/en\/wp-json\/wp\/v2\/media?parent=2607"}],"wp:term":[{"taxonomy":"product_brand","embeddable":true,"href":"https:\/\/minicaraguita.com\/en\/wp-json\/wp\/v2\/product_brand?post=2607"},{"taxonomy":"product_cat","embeddable":true,"href":"https:\/\/minicaraguita.com\/en\/wp-json\/wp\/v2\/product_cat?post=2607"},{"taxonomy":"product_tag","embeddable":true,"href":"https:\/\/minicaraguita.com\/en\/wp-json\/wp\/v2\/product_tag?post=2607"}],"curies":[{"name":"wp","href":"https:\/\/api.w.org\/{rel}","templated":true}]}}