{"id":2653,"date":"2025-11-03T10:59:44","date_gmt":"2025-11-03T10:59:44","guid":{"rendered":"https:\/\/minicaraguita.com\/?page_id=2653"},"modified":"2025-11-03T10:59:44","modified_gmt":"2025-11-03T10:59:44","slug":"ruben-dario-el-mago-de-las-palabras","status":"publish","type":"page","link":"https:\/\/minicaraguita.com\/en\/ruben-dario-el-mago-de-las-palabras\/","title":{"rendered":"Rub\u00e9n Dar\u00edo, El Mago de las Palabras"},"content":{"rendered":"<section class=\"l-section wpb_row height_medium\"><div class=\"l-section-h i-cf\"><div class=\"g-cols vc_row via_grid cols_1 laptops-cols_inherit tablets-cols_inherit mobiles-cols_1 valign_top type_default stacking_default\"><div class=\"wpb_column vc_column_container\"><div class=\"vc_column-inner\"><h1 class=\"w-text us_custom_cff81106\"><span class=\"w-text-h\"><span class=\"w-text-value\">Rub\u00e9n Dar\u00edo, El Mago de las Palabras: La Biograf\u00eda del H\u00e9roe de la Poes\u00eda Nicarag\u00fcense. Un libro infantil inspirador sobre la vida de Rub\u00e9n Dar\u00edo que &#8230; y el amor por la lectura. (Mi Nicaraguita)<\/span><\/span><\/h1><div class=\"w-image align_center\"><div class=\"w-image-h\"><img loading=\"lazy\" decoding=\"async\" width=\"1229\" height=\"553\" src=\"https:\/\/minicaraguita.com\/wp-content\/uploads\/2025\/11\/PORTADA-FULL.jpg\" class=\"attachment-full size-full\" alt=\"\" srcset=\"https:\/\/minicaraguita.com\/wp-content\/uploads\/2025\/11\/PORTADA-FULL.jpg 1229w, https:\/\/minicaraguita.com\/wp-content\/uploads\/2025\/11\/PORTADA-FULL-300x135.jpg 300w, https:\/\/minicaraguita.com\/wp-content\/uploads\/2025\/11\/PORTADA-FULL-1024x461.jpg 1024w, https:\/\/minicaraguita.com\/wp-content\/uploads\/2025\/11\/PORTADA-FULL-18x8.jpg 18w, https:\/\/minicaraguita.com\/wp-content\/uploads\/2025\/11\/PORTADA-FULL-600x270.jpg 600w\" sizes=\"auto, (max-width: 1229px) 100vw, 1229px\" \/><\/div><\/div><div class=\"wpb_text_column\"><div class=\"wpb_wrapper\"><p>\u00a1Emb\u00e1rcate en una aventura extraordinaria con &#8220;<span class=\"a-text-bold\">Rub\u00e9n Dar\u00edo<\/span>,\u00a0<span class=\"a-text-bold\">El Mago de las Palabras<\/span>&#8220;! Este no es solo un libro, es un viaje inolvidable a la vida del ni\u00f1o genio de Metapa, Rub\u00e9n Dar\u00edo, quien demostr\u00f3 al mundo entero que la verdadera magia se encuentra en los libros y en el poder de la imaginaci\u00f3n.<\/p>\n<p>Desde su humilde infancia rodeado de torres de libros en Le\u00f3n, hasta convertirse en el aclamado &#8220;Pr\u00edncipe de las Letras Castellanas&#8221; en Europa, esta historia narra su gran &#8220;B\u00fasqueda de la Belleza y el Ritmo&#8221;. Descubre c\u00f3mo un &#8220;no&#8221; se convirti\u00f3 en el motor de su m\u00e1s grande aventura y c\u00f3mo logr\u00f3 pintar el mundo de &#8220;Azul&#8221; con su poes\u00eda inmortal.<\/p>\n<p><span class=\"a-text-bold\">A trav\u00e9s de 8 cap\u00edtulos vibrantes y ilustraciones encantadoras, tu peque\u00f1o lector podr\u00e1:<\/span><\/p>\n<ul class=\"a-unordered-list a-vertical\">\n<li>\u2728\u00a0<span class=\"a-text-bold\">Descubrir<\/span>\u00a0la inspiradora vida del h\u00e9roe nacional de Nicaragua, Rub\u00e9n Dar\u00edo, de una forma divertida y amena.<\/li>\n<li>\ud83c\udfa8\u00a0<span class=\"a-text-bold\">Despertar<\/span>\u00a0su propia creatividad y el amor por la lectura, la poes\u00eda y el arte.<\/li>\n<li>\ud83d\udcaa\u00a0<span class=\"a-text-bold\">Aprender<\/span>\u00a0valiosas lecciones sobre la perseverancia, la confianza en uno mismo y la importancia de perseguir los sue\u00f1os sin importar los obst\u00e1culos.<\/li>\n<li>\ud83c\udf0d\u00a0<span class=\"a-text-bold\">Viajar<\/span>\u00a0por el mundo junto a Rub\u00e9n, conociendo la riqueza de la cultura nicarag\u00fcense y universal.<\/li>\n<\/ul>\n<p>Ideal como regalo, para tareas escolares o como una hermosa lectura antes de dormir, este libro es un tesoro que busca inspirar a una nueva generaci\u00f3n de so\u00f1adores, artistas y magos de las palabras.<\/p>\n<p><span class=\"a-text-bold\">\u00a1No esperes m\u00e1s! Haz clic en &#8220;Comprar ahora&#8221; y regala a tus hijos un viaje m\u00e1gico por el universo de la poes\u00eda y la imaginaci\u00f3n.<\/span><\/p>\n<\/div><\/div><div class=\"vc_btn3-container vc_btn3-inline\" ><a class=\"vc_general vc_btn3 vc_btn3-size-md vc_btn3-shape-rounded vc_btn3-style-3d vc_btn3-color-primary\" href=\"https:\/\/www.amazon.com\/dp\/B0FZ94XXT2\" title=\"\">COMPRA AHORA! (Versi\u00f3n Espa\u00f1ol)<\/a><\/div><\/div><\/div><\/div><\/div><\/section>","protected":false},"excerpt":{"rendered":"Rub\u00e9n Dar\u00edo, El Mago de las Palabras: La Biograf\u00eda del H\u00e9roe de la Poes\u00eda Nicarag\u00fcense. Un libro infantil inspirador sobre la vida de Rub\u00e9n Dar\u00edo que &#8230; y el amor por la lectura. (Mi Nicaraguita)\u00a1Emb\u00e1rcate en una aventura extraordinaria con &#8220;Rub\u00e9n Dar\u00edo,\u00a0El Mago de las Palabras&#8220;! Este no es solo un libro, es un viaje...","protected":false},"author":1,"featured_media":0,"parent":0,"menu_order":0,"comment_status":"closed","ping_status":"closed","template":"","meta":{"footnotes":""},"class_list":["post-2653","page","type-page","status-publish","hentry"],"jetpack_sharing_enabled":true,"_links":{"self":[{"href":"https:\/\/minicaraguita.com\/en\/wp-json\/wp\/v2\/pages\/2653","targetHints":{"allow":["GET"]}}],"collection":[{"href":"https:\/\/minicaraguita.com\/en\/wp-json\/wp\/v2\/pages"}],"about":[{"href":"https:\/\/minicaraguita.com\/en\/wp-json\/wp\/v2\/types\/page"}],"author":[{"embeddable":true,"href":"https:\/\/minicaraguita.com\/en\/wp-json\/wp\/v2\/users\/1"}],"replies":[{"embeddable":true,"href":"https:\/\/minicaraguita.com\/en\/wp-json\/wp\/v2\/comments?post=2653"}],"version-history":[{"count":1,"href":"https:\/\/minicaraguita.com\/en\/wp-json\/wp\/v2\/pages\/2653\/revisions"}],"predecessor-version":[{"id":2655,"href":"https:\/\/minicaraguita.com\/en\/wp-json\/wp\/v2\/pages\/2653\/revisions\/2655"}],"wp:attachment":[{"href":"https:\/\/minicaraguita.com\/en\/wp-json\/wp\/v2\/media?parent=2653"}],"curies":[{"name":"wp","href":"https:\/\/api.w.org\/{rel}","templated":true}]}}