{"id":2567,"date":"2025-10-29T20:43:31","date_gmt":"2025-10-29T20:43:31","guid":{"rendered":"https:\/\/minicaraguita.com\/?page_id=2567"},"modified":"2025-11-04T14:52:21","modified_gmt":"2025-11-04T14:52:21","slug":"unidos-por-los-ninos","status":"publish","type":"page","link":"https:\/\/minicaraguita.com\/en\/unidos-por-los-ninos\/","title":{"rendered":"Unidos por los ni\u00f1os"},"content":{"rendered":"<section class=\"l-section wpb_row height_medium\"><div class=\"l-section-h i-cf\"><div class=\"g-cols vc_row via_grid cols_1 laptops-cols_inherit tablets-cols_inherit mobiles-cols_1 valign_top type_default stacking_default\"><div class=\"wpb_column vc_column_container\"><div class=\"vc_column-inner\"><div class=\"w-image align_center\"><div class=\"w-image-h\"><img loading=\"lazy\" decoding=\"async\" width=\"800\" height=\"450\" src=\"https:\/\/minicaraguita.com\/wp-content\/uploads\/2025\/10\/banner-t.png\" class=\"attachment-full size-full\" alt=\"\" srcset=\"https:\/\/minicaraguita.com\/wp-content\/uploads\/2025\/10\/banner-t.png 800w, https:\/\/minicaraguita.com\/wp-content\/uploads\/2025\/10\/banner-t-300x169.png 300w, https:\/\/minicaraguita.com\/wp-content\/uploads\/2025\/10\/banner-t-600x338.png 600w\" sizes=\"auto, (max-width: 800px) 100vw, 800px\" \/><\/div><\/div><\/div><\/div><\/div><\/div><\/section><!-- Row Backgrounds --><div class=\"upb_bg_img\" data-ultimate-bg=\"url(https:\/\/minicaraguita.com\/wp-content\/uploads\/2025\/10\/BG.png)\" data-image-id=\"id^2577|url^https:\/\/minicaraguita.com\/wp-content\/uploads\/2025\/10\/BG.png|caption^null|alt^null|title^BG|description^null\" data-ultimate-bg-style=\"vcpb-animated\" data-bg-img-repeat=\"repeat\" data-bg-img-size=\"cover\" data-bg-img-position=\"\" data-parallx_sense=\"30\" data-bg-override=\"0\" data-bg_img_attach=\"scroll\" data-upb-overlay-color=\"\" data-upb-bg-animation=\"\" data-fadeout=\"\" data-bg-animation=\"left-animation\" data-bg-animation-type=\"h\" data-animation-repeat=\"repeat\" data-fadeout-percentage=\"30\" data-parallax-content=\"\" data-parallax-content-sense=\"30\" data-row-effect-mobile-disable=\"true\" data-img-parallax-mobile-disable=\"true\" data-rtl=\"false\"  data-custom-vc-row=\"\"  data-vc=\"6.8.0\"  data-is_old_vc=\"\"  data-theme-support=\"\"   data-overlay=\"false\" data-overlay-color=\"\" data-overlay-pattern=\"\" data-overlay-pattern-opacity=\"\" data-overlay-pattern-size=\"\"    ><\/div><section class=\"l-section wpb_row height_small color_primary\"><div class=\"l-section-h i-cf\"><div class=\"g-cols vc_row via_grid cols_1 laptops-cols_inherit tablets-cols_inherit mobiles-cols_1 valign_top type_default stacking_default\"><div class=\"wpb_column vc_column_container\"><div class=\"vc_column-inner\"><div class=\"w-actionbox us_custom_b4198c51 color_primary controls_right\"><div class=\"w-actionbox-text\"><h1 class=\"w-actionbox-title\" style=\"font-size:24px\">United for Children aims to give books to children in Nicaragua through our strategic partners in Nicaragua. We ensure that the books reach the children so they can learn about history, values, confidence, and self-belief, just like our Nicaraguan heroes.<\/h1><\/div><div class=\"w-actionbox-controls\"><a class=\"w-btn us-btn-style_4\" target=\"_blank\" href=\"https:\/\/minicaraguita.com\/en\/?add-to-cart=2607\" rel=\"noopener\" style=\"font-size:1.2rem;\"><span class=\"w-btn-label\">DONA UN LIBRO, REGALA HISTORIA<\/span><\/a><\/div><\/div><\/div><\/div><\/div><\/div><\/section><section class=\"l-section wpb_row height_medium\"><div class=\"l-section-h i-cf\"><div class=\"g-cols vc_row via_grid cols_1 laptops-cols_inherit tablets-cols_inherit mobiles-cols_1 valign_top type_default stacking_default\"><div class=\"wpb_column vc_column_container\"><div class=\"vc_column-inner\"><h2 class=\"w-text us_custom_1fe1da37 has_text_color\"><span class=\"w-text-h\"><span class=\"w-text-value\">With your support, these heroes will be role models who inspire children to believe in their own potential:<\/span><\/span><\/h2><div class=\"g-cols wpb_row via_grid cols_1-4-1 laptops-cols_inherit tablets-cols_inherit mobiles-cols_1 valign_top type_default stacking_default\"><div class=\"wpb_column vc_column_container\"><div class=\"vc_column-inner\"><\/div><\/div><div class=\"wpb_column vc_column_container\"><div class=\"vc_column-inner\"><div class=\"w-image align_center\"><div class=\"w-image-h\"><img loading=\"lazy\" decoding=\"async\" width=\"1600\" height=\"1066\" src=\"https:\/\/minicaraguita.com\/wp-content\/uploads\/2025\/11\/WhatsApp-Image-2025-11-04-at-8.37.26-AM.jpeg\" class=\"attachment-full size-full\" alt=\"\" srcset=\"https:\/\/minicaraguita.com\/wp-content\/uploads\/2025\/11\/WhatsApp-Image-2025-11-04-at-8.37.26-AM.jpeg 1600w, https:\/\/minicaraguita.com\/wp-content\/uploads\/2025\/11\/WhatsApp-Image-2025-11-04-at-8.37.26-AM-300x200.jpeg 300w, https:\/\/minicaraguita.com\/wp-content\/uploads\/2025\/11\/WhatsApp-Image-2025-11-04-at-8.37.26-AM-1024x682.jpeg 1024w, https:\/\/minicaraguita.com\/wp-content\/uploads\/2025\/11\/WhatsApp-Image-2025-11-04-at-8.37.26-AM-18x12.jpeg 18w, https:\/\/minicaraguita.com\/wp-content\/uploads\/2025\/11\/WhatsApp-Image-2025-11-04-at-8.37.26-AM-600x400.jpeg 600w\" sizes=\"auto, (max-width: 1600px) 100vw, 1600px\" \/><\/div><\/div><div class=\"wpb_text_column us_custom_de857b7f\"><div class=\"wpb_wrapper\"><h3 style=\"text-align: center;\"><strong>Join the mission to inspire the next generation of heroes and heroines of Nicaragua and leave your personal mark!<\/strong><\/h3>\n<p>Your donation is not just a book; it's a powerful tool that connects children to their nation's rich history and culture. The book is <strong>\u201cMI NICARAG\u00dcITA: Historias inspiradoras de H\u00e9roes y Hero\u00ednas de Nicaragua\u201d<\/strong>, una lectura esencial para la formaci\u00f3n de su car\u00e1cter y el amor propio.<\/p>\n<p>A trav\u00e9s de nuestros socios estrat\u00e9gicos, nos encargamos de hacer llegar <strong>&#8220;MI NICARAG\u00dcITA: Historias inspiradoras de H\u00e9roes y Hero\u00ednas de Nicaragua&#8221;<\/strong> a las manos de los ni\u00f1os. El libro esta a costo de impresi\u00f3n el Autor no cobrara regalias por el libro.<\/p>\n<p><b>\u00a1Te lo Agradecemos con Reconocimiento!<\/b><\/p>\n<ul>\n<li><strong>1+ Libros Donados:<\/strong>\u00a0te permite incluir un <b>mensaje corto y poderoso<\/b>\u00a0en el libro (personal, motivacional o b\u00edblico) para inspirar al ni\u00f1o o ni\u00f1a que lo lea.<\/li>\n<li><b>10+ Libros Donados:<\/b>\u00a0Incluiremos tu mensaje personalizado y tu nombre\/nombre de tu negocio en la secci\u00f3n de\u00a0<b>Agradecimientos Especiales<\/b>.<\/li>\n<li><b>30+ Libros Donados:<\/b>\u00a0Tu logo de empresa aparecer\u00e1 en la p\u00e1gina de agradecimientos.<\/li>\n<li><b>50+ Libros Donados:<\/b>\u00a0Crearemos un video de reconocimiento que publicaremos en todas nuestras redes sociales.<\/li>\n<\/ul>\n<p style=\"text-align: center;\"><b>\u00a1Dona hoy y multiplica la inspiraci\u00f3n!<\/b><\/p>\n<\/div><\/div><div class=\"w-btn-wrapper align_center\"><a class=\"w-btn us-btn-style_4\" title=\"donar libros\" href=\"https:\/\/minicaraguita.com\/en\/?add-to-cart=2607\"><span class=\"w-btn-label\">\u00a1Dona un Libro, Regala Historia!<\/span><\/a><\/div><div class=\"w-separator size_large\"><\/div><div class=\"w-image align_center\"><div class=\"w-image-h\"><img loading=\"lazy\" decoding=\"async\" width=\"1600\" height=\"1066\" src=\"https:\/\/minicaraguita.com\/wp-content\/uploads\/2025\/11\/WhatsApp-Image-2025-11-04-at-8.37.21-AM.jpeg\" class=\"attachment-full size-full\" alt=\"\" srcset=\"https:\/\/minicaraguita.com\/wp-content\/uploads\/2025\/11\/WhatsApp-Image-2025-11-04-at-8.37.21-AM.jpeg 1600w, https:\/\/minicaraguita.com\/wp-content\/uploads\/2025\/11\/WhatsApp-Image-2025-11-04-at-8.37.21-AM-300x200.jpeg 300w, https:\/\/minicaraguita.com\/wp-content\/uploads\/2025\/11\/WhatsApp-Image-2025-11-04-at-8.37.21-AM-1024x682.jpeg 1024w, https:\/\/minicaraguita.com\/wp-content\/uploads\/2025\/11\/WhatsApp-Image-2025-11-04-at-8.37.21-AM-18x12.jpeg 18w, https:\/\/minicaraguita.com\/wp-content\/uploads\/2025\/11\/WhatsApp-Image-2025-11-04-at-8.37.21-AM-600x400.jpeg 600w\" sizes=\"auto, (max-width: 1600px) 100vw, 1600px\" \/><\/div><\/div><div class=\"wpb_text_column us_custom_de857b7f\"><div class=\"wpb_wrapper\"><h4 style=\"text-align: center;\"><span style=\"color: #3366ff;\"><strong>Que aprenderan los ni\u00f1os con el libro:\u00a0<\/strong><\/span><\/h4>\n<p>\ud83c\udfc5Descubrir\u00e1s la<strong> valent\u00eda de\u00a0<span class=\"a-text-bold\">Rafaela Herrera<\/span><\/strong>, quien defendi\u00f3 el Castillo de la Inmaculada Concepci\u00f3n con un ca\u00f1\u00f3n y coraje inquebrantable.<br \/>\n\ud83d\udca1<strong>La astucia del cacique\u00a0<span class=\"a-text-bold\">Diriang\u00e9n<\/span><\/strong>, que protegi\u00f3 a su pueblo usando el ingenio y la selva.<br \/>\n\ud83e\ude7a<strong>Te inspirar\u00e1s con la doctora\u00a0<span class=\"a-text-bold\">Concepci\u00f3n Palacios<\/span><\/strong>, la primera mujer m\u00e9dico de Centroam\u00e9rica.<br \/>\n\ud83e\ude84 <strong>El &#8220;mago de las palabras&#8221;\u00a0<span class=\"a-text-bold\">Rub\u00e9n Dar\u00edo<\/span><\/strong>, quien llev\u00f3 la esencia de Nicaragua al mundo.<br \/>\n\ud83c\udf93<strong>Aprender\u00e1s de la maestra\u00a0<span class=\"a-text-bold\">Josefa Toledo de Aguerr\u00ed<\/span><\/strong>, que encendi\u00f3 la luz de la educaci\u00f3n.<br \/>\n\ud83c\udfc5<strong>Sentir\u00e1s el orgullo del General\u00a0<span class=\"a-text-bold\">Jos\u00e9 Dolores Estrada<\/span>\u00a0y el sargento\u00a0<span class=\"a-text-bold\">Andr\u00e9s Castro<\/span><\/strong>, cuya astucia en la Batalla de San Jacinto demostr\u00f3 que el amor por la patria es invencible.<\/p>\n<\/div><\/div><div class=\"w-btn-wrapper align_center\"><a class=\"w-btn us-btn-style_4\" title=\"donar libros\" href=\"https:\/\/minicaraguita.com\/en\/?add-to-cart=2607\"><span class=\"w-btn-label\">\u00a1Dona un Libro, Regala Historia!<\/span><\/a><\/div><\/div><\/div><div class=\"wpb_column vc_column_container\"><div class=\"vc_column-inner\"><\/div><\/div><\/div><div class=\"g-cols wpb_row via_grid cols_1 laptops-cols_inherit tablets-cols_inherit mobiles-cols_1 valign_top type_default stacking_default\"><div class=\"wpb_column vc_column_container\"><div class=\"vc_column-inner\"><\/div><\/div><\/div><\/div><\/div><\/div><\/div><\/section><section class=\"l-section wpb_row height_medium\"><div class=\"l-section-h i-cf\"><div class=\"g-cols vc_row via_grid cols_1 laptops-cols_inherit tablets-cols_inherit mobiles-cols_1 valign_top type_default stacking_default\"><div class=\"wpb_column vc_column_container\"><div class=\"vc_column-inner\"><h2 class=\"w-text us_custom_1fe1da37 has_text_color\"><span class=\"w-text-h\"><span class=\"w-text-value\">APOYAN ESTE PROYECTO:<\/span><\/span><\/h2><\/div><\/div><\/div><\/div><\/section><section class=\"l-section wpb_row height_medium\"><div class=\"l-section-h i-cf\"><div class=\"g-cols vc_row via_grid cols_4 laptops-cols_inherit tablets-cols_inherit mobiles-cols_1 valign_top type_default stacking_default\"><div class=\"wpb_column vc_column_container\"><div class=\"vc_column-inner\"><\/div><\/div><div class=\"wpb_column vc_column_container\"><div class=\"vc_column-inner\"><div class=\"w-image align_center\"><div class=\"w-image-h\"><img loading=\"lazy\" decoding=\"async\" width=\"270\" height=\"220\" src=\"https:\/\/minicaraguita.com\/wp-content\/uploads\/2025\/11\/Screenshot_6.jpg\" class=\"attachment-full size-full\" alt=\"\" srcset=\"https:\/\/minicaraguita.com\/wp-content\/uploads\/2025\/11\/Screenshot_6.jpg 270w, https:\/\/minicaraguita.com\/wp-content\/uploads\/2025\/11\/Screenshot_6-15x12.jpg 15w\" sizes=\"auto, (max-width: 270px) 100vw, 270px\" \/><\/div><\/div><\/div><\/div><div class=\"wpb_column vc_column_container\"><div class=\"vc_column-inner\"><div class=\"w-image align_center\"><div class=\"w-image-h\"><img loading=\"lazy\" decoding=\"async\" width=\"721\" height=\"1143\" src=\"https:\/\/minicaraguita.com\/wp-content\/uploads\/2025\/11\/WhatsApp-Image-2025-11-04-at-9.50.09-AM.jpeg\" class=\"attachment-full size-full\" alt=\"\" srcset=\"https:\/\/minicaraguita.com\/wp-content\/uploads\/2025\/11\/WhatsApp-Image-2025-11-04-at-9.50.09-AM.jpeg 721w, https:\/\/minicaraguita.com\/wp-content\/uploads\/2025\/11\/WhatsApp-Image-2025-11-04-at-9.50.09-AM-189x300.jpeg 189w, https:\/\/minicaraguita.com\/wp-content\/uploads\/2025\/11\/WhatsApp-Image-2025-11-04-at-9.50.09-AM-646x1024.jpeg 646w, https:\/\/minicaraguita.com\/wp-content\/uploads\/2025\/11\/WhatsApp-Image-2025-11-04-at-9.50.09-AM-8x12.jpeg 8w, https:\/\/minicaraguita.com\/wp-content\/uploads\/2025\/11\/WhatsApp-Image-2025-11-04-at-9.50.09-AM-600x951.jpeg 600w\" sizes=\"auto, (max-width: 721px) 100vw, 721px\" \/><\/div><\/div><\/div><\/div><div class=\"wpb_column vc_column_container\"><div class=\"vc_column-inner\"><\/div><\/div><\/div><\/div><\/section><section class=\"l-section wpb_row height_medium\"><div class=\"l-section-h i-cf\"><div class=\"g-cols vc_row via_grid cols_1 laptops-cols_inherit tablets-cols_inherit mobiles-cols_1 valign_top type_default stacking_default\"><div class=\"wpb_column vc_column_container\"><div class=\"vc_column-inner\"><h3 class=\"w-text us_custom_26df8305 has_text_color\"><span class=\"w-text-h\"><span class=\"w-text-value\">COMPARTE HISTORIA Y REGALA CULTURA<\/span><\/span><\/h3><div class=\"w-sharing type_solid align_center color_default\"><div class=\"w-sharing-list\" data-content-image=\"true\"><a class=\"w-sharing-item email\" href=\"mailto:?subject=Unidos por los ni\u00f1os&amp;body=https:\/\/minicaraguita.com\/en\/wp-json\/wp\/v2\/pages\/2567\" title=\"Email this\" aria-label=\"Email this\"><i class=\"fas fa-envelope\"><\/i><\/a><a class=\"w-sharing-item facebook\" href=\"https:\/\/www.facebook.com\/sharer\/sharer.php?u=https:\/\/minicaraguita.com\/en\/wp-json\/wp\/v2\/pages\/2567&amp;quote=Unidos por los ni\u00f1os\" title=\"Share this\" aria-label=\"Share this\" onclick=\"window.open(this.href, &quot;facebook&quot;, &quot;toolbar=0,width=900,height=500&quot;); return false;\"><i class=\"fab fa-facebook\"><\/i><\/a><a class=\"w-sharing-item twitter\" href=\"https:\/\/twitter.com\/intent\/tweet?text=Unidos por los ni\u00f1os&amp;url=https:\/\/minicaraguita.com\/en\/wp-json\/wp\/v2\/pages\/2567\" title=\"Tweet this\" aria-label=\"Tweet this\" onclick=\"window.open(this.href, &quot;twitter&quot;, &quot;toolbar=0,width=650,height=360&quot;); return false;\"><i class=\"fab fa-twitter\"><\/i><\/a><a class=\"w-sharing-item linkedin\" href=\"https:\/\/www.linkedin.com\/shareArticle?mini=true&amp;url=https:\/\/minicaraguita.com\/en\/wp-json\/wp\/v2\/pages\/2567\" title=\"Share this\" aria-label=\"Share this\" onclick=\"window.open(this.href, &quot;linkedin&quot;, &quot;toolbar=no,width=550,height=550&quot;); return false;\"><i class=\"fab fa-linkedin\"><\/i><\/a><a class=\"w-sharing-item whatsapp\" href=\"https:\/\/web.whatsapp.com\/send?text=Unidos por los ni\u00f1os https:\/\/minicaraguita.com\/en\/wp-json\/wp\/v2\/pages\/2567\" title=\"Share this\" aria-label=\"Share this\" onclick=\"window.open(this.href, &quot;whatsapp&quot;, &quot;toolbar=0,width=900,height=500&quot;); return false;\"><i class=\"fab fa-whatsapp\"><\/i><\/a><a class=\"w-sharing-item telegram\" href=\"https:\/\/t.me\/share\/url?url=https:\/\/minicaraguita.com\/en\/wp-json\/wp\/v2\/pages\/2567&amp;text=Unidos por los ni\u00f1os\" title=\"Share this\" aria-label=\"Share this\" onclick=\"window.open(this.href, &quot;telegram&quot;, &quot;toolbar=no,width=600,height=450&quot;); return false;\"><i class=\"fab fa-telegram\"><\/i><\/a><\/div><\/div><\/div><\/div><\/div><\/div><\/section>","protected":false},"excerpt":{"rendered":"Unidos por los ni\u00f1os tiene el objetivo de regalar libros a los ni\u00f1as y ni\u00f1as de Nicaragua a traves de nuestros socios estrategicos en Nicaragua, nos encargamo de hacerle llegar a los ni\u00f1os los libros para que aprendan sobre la historia, el valor, confianza y de creen en uno mismo como nuestros h\u00e9roes Nicaraguenses.DONA UN...","protected":false},"author":1,"featured_media":0,"parent":0,"menu_order":0,"comment_status":"closed","ping_status":"closed","template":"","meta":{"footnotes":""},"class_list":["post-2567","page","type-page","status-publish","hentry"],"jetpack_sharing_enabled":true,"_links":{"self":[{"href":"https:\/\/minicaraguita.com\/en\/wp-json\/wp\/v2\/pages\/2567","targetHints":{"allow":["GET"]}}],"collection":[{"href":"https:\/\/minicaraguita.com\/en\/wp-json\/wp\/v2\/pages"}],"about":[{"href":"https:\/\/minicaraguita.com\/en\/wp-json\/wp\/v2\/types\/page"}],"author":[{"embeddable":true,"href":"https:\/\/minicaraguita.com\/en\/wp-json\/wp\/v2\/users\/1"}],"replies":[{"embeddable":true,"href":"https:\/\/minicaraguita.com\/en\/wp-json\/wp\/v2\/comments?post=2567"}],"version-history":[{"count":60,"href":"https:\/\/minicaraguita.com\/en\/wp-json\/wp\/v2\/pages\/2567\/revisions"}],"predecessor-version":[{"id":2686,"href":"https:\/\/minicaraguita.com\/en\/wp-json\/wp\/v2\/pages\/2567\/revisions\/2686"}],"wp:attachment":[{"href":"https:\/\/minicaraguita.com\/en\/wp-json\/wp\/v2\/media?parent=2567"}],"curies":[{"name":"wp","href":"https:\/\/api.w.org\/{rel}","templated":true}]}}