{"id":2548,"date":"2025-10-27T13:48:39","date_gmt":"2025-10-27T13:48:39","guid":{"rendered":"https:\/\/minicaraguita.com\/?page_id=2548"},"modified":"2025-11-03T10:53:43","modified_gmt":"2025-11-03T10:53:43","slug":"rafaela-herrera-courage-and-valor-have-no-age","status":"publish","type":"page","link":"https:\/\/minicaraguita.com\/en\/rafaela-herrera-courage-and-valor-have-no-age\/","title":{"rendered":"Rafaela Herrera: La Valentia No Tiene Edad."},"content":{"rendered":"<section class=\"l-section wpb_row height_medium\"><div class=\"l-section-h i-cf\"><div class=\"g-cols vc_row via_grid cols_1 laptops-cols_inherit tablets-cols_inherit mobiles-cols_1 valign_top type_default stacking_default\"><div class=\"wpb_column vc_column_container\"><div class=\"vc_column-inner\"><h1 class=\"w-text us_custom_cff81106\"><span class=\"w-text-h\"><span class=\"w-text-value\">Rafaela Herrera: Courage and Valor have no age.: Children's Book for Kids. Inspiring Stories of Heroes and Heroines about Courage, Confidence, Intelligence, and the Value of Believing in Yourself<\/span><\/span><\/h1><div class=\"w-image align_center\"><div class=\"w-image-h\"><img loading=\"lazy\" decoding=\"async\" width=\"2048\" height=\"1034\" src=\"https:\/\/minicaraguita.com\/wp-content\/uploads\/2025\/11\/PORTADA.png\" class=\"attachment-full size-full\" alt=\"\" srcset=\"https:\/\/minicaraguita.com\/wp-content\/uploads\/2025\/11\/PORTADA.png 2048w, https:\/\/minicaraguita.com\/wp-content\/uploads\/2025\/11\/PORTADA-300x151.png 300w, https:\/\/minicaraguita.com\/wp-content\/uploads\/2025\/11\/PORTADA-1024x517.png 1024w, https:\/\/minicaraguita.com\/wp-content\/uploads\/2025\/11\/PORTADA-18x9.png 18w, https:\/\/minicaraguita.com\/wp-content\/uploads\/2025\/11\/PORTADA-600x303.png 600w\" sizes=\"auto, (max-width: 2048px) 100vw, 2048px\" \/><\/div><\/div><div class=\"wpb_text_column\"><div class=\"wpb_wrapper\"><h4>\u2728 Discover the inspiring and wonderful true story of Rafaela Herrera\u00a0<span class=\"a-text-bold\">inspiradora<\/span>\u00a0y\u00a0<span class=\"a-text-bold\">maravillosa<\/span>\u00a0historia real de\u00a0<span class=\"a-text-bold\">Rafaela Herrera<\/span>a Nicaraguan heroine who, in the 18th century, became the guardian of the Fortress of the Immaculate Conception.<\/h4>\n<p>When the soldiers lost their nerve before an enormous English fleet, Rafaela stepped forward and recalled her father's lessons: \"Courage is knowledge put into action.\"<\/p>\n<p>\ud83e\ude84<span class=\"a-text-bold\">In this incredible story, your son or daughter will learn about:<\/span><\/p>\n<p>\ud83c\udfc5\u00a0<span class=\"a-text-bold\">Valent\u00eda inquebrantable:<\/span>\u00a0C\u00f3mo una joven sin rango inspir\u00f3 a todo un fuerte a luchar. *\u00a0<span class=\"a-text-bold\">Ingenio y Estrategia:<\/span>\u00a0\ud83c\udfc5 Unbreakable Valor: How a young girl with no rank inspired an entire fort to fight.\n\nIngenuity and Strategy: The brilliant plan to \"give the river a heart of fire\" and defeat the enemy without a single ship.\n\nPatriotism and Leadership: An unforgettable lesson that the greatest leader can be found in the youngest heart.\u00a0<span class=\"a-text-bold\">Patriotismo y Liderazgo:<\/span>\u00a0Una lecci\u00f3n inolvidable de que el l\u00edder m\u00e1s grande puede estar en el coraz\u00f3n m\u00e1s joven.<\/p>\n<p><span class=\"a-text-bold\">A perfect book for fostering courage, intelligence, and pride in history. Recommended for boys and girls who love stories of heroes and adventures.<\/span>\u00a0Recomendado para ni\u00f1os y ni\u00f1as que aman las historias de h\u00e9roes y aventuras.<\/p>\n<\/div><\/div><div class=\"vc_btn3-container vc_btn3-inline\" ><a class=\"vc_general vc_btn3 vc_btn3-size-md vc_btn3-shape-rounded vc_btn3-style-3d vc_btn3-color-primary\" href=\"https:\/\/www.amazon.com\/dp\/B0FXSG8P4D\" title=\"\">COMPRA AHORA! (Versi\u00f3n Espa\u00f1ol)<\/a><\/div><div class=\"vc_empty_space\"   style=\"height: 12px\"><span class=\"vc_empty_space_inner\"><\/span><\/div><div class=\"vc_btn3-container vc_btn3-inline\" ><a class=\"vc_general vc_btn3 vc_btn3-size-md vc_btn3-shape-rounded vc_btn3-style-3d vc_btn3-color-primary\" href=\"https:\/\/www.amazon.com\/dp\/B0FXVK1ZRD\" title=\"\">BUY THE EBOOK NOW!<\/a><\/div><\/div><\/div><\/div><\/div><\/section>","protected":false},"excerpt":{"rendered":"Rafaela Herrera: La Valentia No Tiene Edad. Libro Infantil para ni\u00f1os. Historias inspiradoras de H\u00e9roes y Hero\u00ednas de Nicaragua sobre el valor, &#8230; de lectura, motivaci\u00f3n y cultura para ni\u00f1os)\u2728 Descubre la\u00a0inspiradora\u00a0y\u00a0maravillosa\u00a0historia real de\u00a0Rafaela Herrera, una hero\u00edna de Nicaragua que, en el siglo XVIII, se convirti\u00f3 en la guardiana del Castillo de la Inmaculada Concepci\u00f3n....","protected":false},"author":1,"featured_media":0,"parent":0,"menu_order":0,"comment_status":"closed","ping_status":"closed","template":"","meta":{"footnotes":""},"class_list":["post-2548","page","type-page","status-publish","hentry"],"jetpack_sharing_enabled":true,"_links":{"self":[{"href":"https:\/\/minicaraguita.com\/en\/wp-json\/wp\/v2\/pages\/2548","targetHints":{"allow":["GET"]}}],"collection":[{"href":"https:\/\/minicaraguita.com\/en\/wp-json\/wp\/v2\/pages"}],"about":[{"href":"https:\/\/minicaraguita.com\/en\/wp-json\/wp\/v2\/types\/page"}],"author":[{"embeddable":true,"href":"https:\/\/minicaraguita.com\/en\/wp-json\/wp\/v2\/users\/1"}],"replies":[{"embeddable":true,"href":"https:\/\/minicaraguita.com\/en\/wp-json\/wp\/v2\/comments?post=2548"}],"version-history":[{"count":14,"href":"https:\/\/minicaraguita.com\/en\/wp-json\/wp\/v2\/pages\/2548\/revisions"}],"predecessor-version":[{"id":2652,"href":"https:\/\/minicaraguita.com\/en\/wp-json\/wp\/v2\/pages\/2548\/revisions\/2652"}],"wp:attachment":[{"href":"https:\/\/minicaraguita.com\/en\/wp-json\/wp\/v2\/media?parent=2548"}],"curies":[{"name":"wp","href":"https:\/\/api.w.org\/{rel}","templated":true}]}}