{"id":2242,"date":"2019-08-16T15:04:53","date_gmt":"2019-08-16T15:04:53","guid":{"rendered":"http:\/\/impreza14.us-themes.com\/?page_id=15"},"modified":"2025-11-04T13:29:34","modified_gmt":"2025-11-04T13:29:34","slug":"beauty-shop-home","status":"publish","type":"page","link":"https:\/\/minicaraguita.com\/en\/","title":{"rendered":"Home"},"content":{"rendered":"<section class=\"l-section wpb_row us_custom_23df5b84 height_small\"><div class=\"l-section-h i-cf\"><div class=\"g-cols vc_row via_grid cols_2 laptops-cols_inherit tablets-cols_inherit mobiles-cols_1 valign_middle type_boxes stacking_default\" style=\"grid-gap:0rem;\"><div class=\"wpb_column vc_column_container us_custom_c70c97eb has_bg_color\"><div class=\"vc_column-inner\"><div class=\"w-image align_center\"><div class=\"w-image-h\"><img loading=\"lazy\" decoding=\"async\" width=\"625\" height=\"1000\" src=\"https:\/\/minicaraguita.com\/wp-content\/uploads\/2025\/10\/portada.jpg\" class=\"attachment-full size-full\" alt=\"\" srcset=\"https:\/\/minicaraguita.com\/wp-content\/uploads\/2025\/10\/portada.jpg 625w, https:\/\/minicaraguita.com\/wp-content\/uploads\/2025\/10\/portada-188x300.jpg 188w, https:\/\/minicaraguita.com\/wp-content\/uploads\/2025\/10\/portada-600x960.jpg 600w\" sizes=\"auto, (max-width: 625px) 100vw, 625px\" \/><\/div><\/div><\/div><\/div><div class=\"wpb_column vc_column_container us_custom_fdc52f1f has_bg_color\"><div class=\"vc_column-inner\"><h1 class=\"w-text us_custom_8e247a1d\"><span class=\"w-text-h\"><span class=\"w-text-value\">MI NICARAG\u00dcITA<br \/>\nInspiring Stories from Nicaragua<\/span><\/span><\/h1><div class=\"wpb_text_column\"><div class=\"wpb_wrapper\"><h2 id=\"title\" class=\"a-spacing-none a-text-normal\" style=\"text-align: center;\"><span id=\"productTitle\" class=\"a-size-large celwidget\" data-csa-c-id=\"ok8fhn-tkuaq8-k5l245-2zmiel\" data-cel-widget=\"productTitle\">Heroes and heroines who teach us about courage, confidence, intelligence, and the value of believing in oneself. (Children\u2019s book\u2026 and culture)<\/span><\/h2>\n<\/div><\/div><div class=\"w-btn-wrapper align_center\"><a class=\"w-btn us-btn-style_1 us_custom_343a6660\" title=\"BUY BOOK NOW! GO AMAZON\" target=\"_blank\" href=\"https:\/\/www.amazon.com\/dp\/B0FXWLYH3D\/ref=tmm_pap_swatch_0?_encoding=UTF8&amp;dib_tag=se&amp;dib=eyJ2IjoiMSJ9.H6bYbH54Rfovr6sT3M7onPbBgaEpmCwJRSqVPBfnaQZkFvtbQOydieGNEQ6bwVbtHCzgv4f2XvJwwUsdynkUsw.B0Dr-HLV-F7S3jDFBKVHdTMUPlCGSr87FwUtiKnDNOM&amp;qid=1761567356&amp;sr=1-4\" rel=\"noopener\"><span class=\"w-btn-label\">BUY THE BOOK NOW!<\/span><\/a><\/div><div class=\"w-btn-wrapper align_center\"><a class=\"w-btn us-btn-style_1 us_custom_343a6660\" title=\"IR A AMAZON\" target=\"_blank\" href=\"https:\/\/www.amazon.com\/NICARAG\u00dcITA-Historias-inspiradoras-inteligencia-motivaci\u00f3n\/dp\/B0FX8BMYMG\/ref=tmm_pap_swatch_0?_encoding=UTF8&amp;dib_tag=se&amp;dib=eyJ2IjoiMSJ9.hsVj6vwdR_vy5u1Qy7lM-g.Kn5Wq0aIZwfDKQX1D8qw869HbRgLTJj-ubPjvbq27ZE&amp;qid=1761339238&amp;sr=1-1\" rel=\"noopener\"><span class=\"w-btn-label\">COMPRAR LIBRO YA! (Libro en Espa\u00f1ol)<\/span><\/a><\/div><\/div><\/div><\/div><\/div><\/section><section class=\"l-section wpb_row us_custom_044f310d height_medium\"><div class=\"l-section-h i-cf\"><div class=\"g-cols vc_row via_grid cols_1 laptops-cols_inherit tablets-cols_inherit mobiles-cols_1 valign_top type_default stacking_default\"><div class=\"wpb_column vc_column_container\"><div class=\"vc_column-inner\"><div class=\"w-image align_center\"><a title=\"Unidos por los ni\u00f1os\" href=\"https:\/\/minicaraguita.com\/en\/unidos-por-los-ninos\/\" aria-label=\"Link\" class=\"w-image-h\"><img loading=\"lazy\" decoding=\"async\" width=\"800\" height=\"450\" src=\"https:\/\/minicaraguita.com\/wp-content\/uploads\/2025\/10\/banner-t.png\" class=\"attachment-full size-full\" alt=\"\" srcset=\"https:\/\/minicaraguita.com\/wp-content\/uploads\/2025\/10\/banner-t.png 800w, https:\/\/minicaraguita.com\/wp-content\/uploads\/2025\/10\/banner-t-300x169.png 300w, https:\/\/minicaraguita.com\/wp-content\/uploads\/2025\/10\/banner-t-600x338.png 600w\" sizes=\"auto, (max-width: 800px) 100vw, 800px\" \/><\/a><\/div><\/div><\/div><\/div><\/div><\/section><!-- Row Backgrounds --><div class=\"upb_color\" data-bg-override=\"0\" data-bg-color=\"#efefef\" data-fadeout=\"\" data-fadeout-percentage=\"30\" data-parallax-content=\"\" data-parallax-content-sense=\"30\" data-row-effect-mobile-disable=\"true\" data-img-parallax-mobile-disable=\"true\" data-rtl=\"false\"  data-custom-vc-row=\"\"  data-vc=\"6.8.0\"  data-is_old_vc=\"\"  data-theme-support=\"\"   data-overlay=\"false\" data-overlay-color=\"\" data-overlay-pattern=\"\" data-overlay-pattern-opacity=\"\" data-overlay-pattern-size=\"\"    ><\/div>","protected":false},"excerpt":{"rendered":"MI NICARAG\u00dcITA Historias que Inspiran de NicaraguaHistorias inspiradoras de H\u00e9roes y Hero\u00ednas de Nicaragua sobre el valor, confianza, inteligencia y valor de creer en uno mismo. (Libro de lectura, motivaci\u00f3n y cultura para ni\u00f1os) BUY THE BOOK NOW!COMPRAR LIBRO YA! (Libro en Espa\u00f1ol)","protected":false},"author":1,"featured_media":0,"parent":0,"menu_order":0,"comment_status":"closed","ping_status":"closed","template":"","meta":{"footnotes":""},"class_list":["post-2242","page","type-page","status-publish","hentry"],"jetpack_sharing_enabled":true,"_links":{"self":[{"href":"https:\/\/minicaraguita.com\/en\/wp-json\/wp\/v2\/pages\/2242","targetHints":{"allow":["GET"]}}],"collection":[{"href":"https:\/\/minicaraguita.com\/en\/wp-json\/wp\/v2\/pages"}],"about":[{"href":"https:\/\/minicaraguita.com\/en\/wp-json\/wp\/v2\/types\/page"}],"author":[{"embeddable":true,"href":"https:\/\/minicaraguita.com\/en\/wp-json\/wp\/v2\/users\/1"}],"replies":[{"embeddable":true,"href":"https:\/\/minicaraguita.com\/en\/wp-json\/wp\/v2\/comments?post=2242"}],"version-history":[{"count":40,"href":"https:\/\/minicaraguita.com\/en\/wp-json\/wp\/v2\/pages\/2242\/revisions"}],"predecessor-version":[{"id":2667,"href":"https:\/\/minicaraguita.com\/en\/wp-json\/wp\/v2\/pages\/2242\/revisions\/2667"}],"wp:attachment":[{"href":"https:\/\/minicaraguita.com\/en\/wp-json\/wp\/v2\/media?parent=2242"}],"curies":[{"name":"wp","href":"https:\/\/api.w.org\/{rel}","templated":true}]}}